{"id":10239,"date":"2023-11-19T16:59:45","date_gmt":"2023-11-19T16:59:45","guid":{"rendered":"https:\/\/www.uzunyuva.com.tr\/?page_id=10239"},"modified":"2023-12-09T19:11:19","modified_gmt":"2023-12-09T19:11:19","slug":"10239-2","status":"publish","type":"page","link":"https:\/\/www.uzunyuva.com.tr\/en\/10239-2\/","title":{"rendered":""},"content":{"rendered":"<p><strong>Hac\u0131ilyas Mah. Mente\u015fe Cad. No:38 Milas Mu\u011fla\u00a0<\/strong>adresinde mukim\u00a0<strong>U\u011fur \u00d6zen M\u00fch. Taah. Tar. \u00dcr\u00fcn Nak. \u0130th. \u0130hr. ve Tic. Ltd. \u015eti.\u00a0<\/strong>\u00a0 kullan\u0131c\u0131lar\u0131n\u00a0\u00a0<a href=\"https:\/\/www.uzunyuva.com.tr\/\">https:\/\/www.uzunyuva.com.tr\/<\/a>\u00a0(\u201cWebsitesi\u201d) \u00fczerinden ilettikleri ki\u015fisel bilgilerini, Gizlilik Politikas\u0131 ile belirlenen ama\u00e7lar ve kapsam d\u0131\u015f\u0131nda kullanmayacak, ayr\u0131ca izinsiz olarak \u00fc\u00e7\u00fcnc\u00fc ki\u015filerle payla\u015fmayacakt\u0131r. Bununla beraber kullan\u0131c\u0131, payla\u015fm\u0131\u015f oldu\u011fu bilgilerinin kendisine \u00f6zel avantajlar\u0131n sunulabilmesi, sat\u0131\u015f, pazarlama ve benzer ama\u00e7l\u0131 her t\u00fcrl\u00fc ileti\u015fim faaliyetlerinin bildirimi maksatlar\u0131yla,\u00a0<strong>U\u011fur \u00d6zen M\u00fch. Taah. Tar. \u00dcr\u00fcn Nak. \u0130th. \u0130hr. ve Tic. Ltd. \u015eti.\u00a0<\/strong>ile payla\u015f\u0131m\u0131na izin vermektedir.<\/p>\n<p>Ki\u015fisel bilgiler; ad soyad, do\u011fum tarihi, ev adresi, mobil ve sabit telefon numaras\u0131, e-posta adresi, bebek\/\u00e7ocuk ya\u015f\u0131 gibi kullan\u0131c\u0131y\u0131 do\u011frudan ya da dolayl\u0131 olarak tan\u0131mlamaya y\u00f6nelik her t\u00fcrl\u00fc ki\u015fisel bilgiyi i\u00e7ermekte olup, k\u0131saca \u201cGizli Bilgiler\u201d olarak an\u0131lacakt\u0131r. \u00dcyenin sisteme girdi\u011fi t\u00fcm bilgilere sadece \u00fcyenin kendisi ula\u015fabilmekte ve bu bilgileri sadece \u00fcyenin kendisi de\u011fi\u015ftirebilmektedir. Bir ba\u015fkas\u0131n\u0131n bu bilgilere ula\u015fmas\u0131 ve bunlar\u0131 de\u011fi\u015ftirmesi m\u00fcmk\u00fcn de\u011fildir.\u00a0<strong>U\u011fur \u00d6zen M\u00fch. Taah. Tar. \u00dcr\u00fcn Nak. \u0130th. \u0130hr. ve Tic. Ltd. \u015eti.\u00a0<\/strong>, al\u0131\u015fveri\u015f s\u00fcresince toplad\u0131\u011f\u0131 bilgilerin \u00fc\u00e7\u00fcnc\u00fc \u015fah\u0131slarla payla\u015f\u0131lmas\u0131na kesinlikle izin vermez! Membra\u2019ya verdi\u011finiz ki\u015fisel bilgileriniz kiralanmamakta, sat\u0131lmamakta ve faaliyet d\u0131\u015f\u0131 hi\u00e7bir ticari ama\u00e7la kullanmamaktad\u0131r.<\/p>\n<p><strong>U\u011fur \u00d6zen M\u00fch. Taah. Tar. \u00dcr\u00fcn Nak. \u0130th. \u0130hr. ve Tic. Ltd. \u015eti.\u00a0<\/strong>, Kullan\u0131c\u0131n\u0131n kendisine bildirdi\u011fi ileti\u015fim adreslerine \u00e7e\u015fitli ilan, duyuru ve bilgilendirmeler yapabilir. Kullan\u0131c\u0131,\u00a0<strong>U\u011fur \u00d6zen M\u00fch. Taah. Tar. \u00dcr\u00fcn Nak. \u0130th. \u0130hr. ve Tic. Ltd. \u015eti. \u2018nin<\/strong>, bildirdi\u011fi ileti\u015fim adreslerine \u00e7e\u015fitli ilan, duyuru ve bilgilendirmeler yapabilece\u011fini, e-posta ve SMS g\u00f6nderebilece\u011fini ve di\u011fer ileti\u015fim yollar\u0131 ile bildirim yapabilece\u011fine pe\u015finen onay vermi\u015ftir.<\/p>\n<p>Kullan\u0131c\u0131 i\u015fbu bildirimleri almaktan vazge\u00e7mesi halinde, AdanZye M\u00fc\u015fteri Hizmetlerine talebini iletebilecektir. Kullan\u0131c\u0131, www.adanzye.com e-posta b\u00fclteni \u00fcyeli\u011finden ayr\u0131lmak i\u00e7in\u00a0<strong>U\u011fur \u00d6zen M\u00fch. Taah. Tar. \u00dcr\u00fcn Nak. \u0130th. \u0130hr. ve Tic. Ltd. \u015eti. \u2018nin\u00a0<\/strong>g\u00f6nderdi\u011fi t\u00fcm e-postalarda yer alan \u201c\u00fcyelikten ayr\u0131l\u201d linkini kullanabilecektir. SMS \u00fcyeli\u011finden ayr\u0131lmak i\u00e7inse, \u00fcye giri\u015fi yap\u0131larak \u201cHesab\u0131m\u201d sayfas\u0131ndaki b\u00fclten ayarlar\u0131 k\u0131sm\u0131 kullan\u0131labilecektir.<\/p>\n<p><strong>U\u011fur \u00d6zen M\u00fch. Taah. Tar. \u00dcr\u00fcn Nak. \u0130th. \u0130hr. ve Tic. Ltd. \u015eti.\u00a0<\/strong>, ki\u015fisel bilgileri kendi b\u00fcnyesinde profilleme, istatistiksel \u00e7al\u0131\u015fmalar, reklam, tan\u0131t\u0131m, pazarlama ve sair ileti\u015fim faaliyetleri amac\u0131yla kullanabilecek ve sadece bu \u00e7al\u0131\u015fmalar\u0131n yap\u0131lmas\u0131 amac\u0131yla bilginiz dahilinde olan 3.ki\u015filer ile payla\u015fabilecektir.<\/p>\n<p>Her kullan\u0131c\u0131, i\u015fbu Websitesini ziyaret ederek, i\u015fbu Gizlilik S\u00f6zle\u015fmesi h\u00fck\u00fcmlerini kabul etmi\u015f say\u0131lacakt\u0131r. Bu gizlilik ilkelerini ya da Kullan\u0131c\u0131 S\u00f6zle\u015fmesi h\u00fck\u00fcmlerini kabul etmiyorsan\u0131z, l\u00fctfen bu siteyi kullanmay\u0131n\u0131z.<\/p>\n","protected":false},"excerpt":{"rendered":"<p>Hac\u0131ilyas Mah. Mente\u015fe Cad. No:38 Milas Mu\u011fla\u00a0adresinde mukim\u00a0U\u011fur \u00d6zen M\u00fch. Taah. Tar. \u00dcr\u00fcn Nak. \u0130th. \u0130hr. ve Tic. Ltd. \u015eti.\u00a0\u00a0<\/p>\n","protected":false},"author":1,"featured_media":0,"parent":0,"menu_order":0,"comment_status":"closed","ping_status":"closed","template":"","meta":{"footnotes":""},"class_list":["post-10239","page","type-page","status-publish","hentry"],"aioseo_notices":[],"_links":{"self":[{"href":"https:\/\/www.uzunyuva.com.tr\/en\/wp-json\/wp\/v2\/pages\/10239","targetHints":{"allow":["GET"]}}],"collection":[{"href":"https:\/\/www.uzunyuva.com.tr\/en\/wp-json\/wp\/v2\/pages"}],"about":[{"href":"https:\/\/www.uzunyuva.com.tr\/en\/wp-json\/wp\/v2\/types\/page"}],"author":[{"embeddable":true,"href":"https:\/\/www.uzunyuva.com.tr\/en\/wp-json\/wp\/v2\/users\/1"}],"replies":[{"embeddable":true,"href":"https:\/\/www.uzunyuva.com.tr\/en\/wp-json\/wp\/v2\/comments?post=10239"}],"version-history":[{"count":1,"href":"https:\/\/www.uzunyuva.com.tr\/en\/wp-json\/wp\/v2\/pages\/10239\/revisions"}],"predecessor-version":[{"id":10260,"href":"https:\/\/www.uzunyuva.com.tr\/en\/wp-json\/wp\/v2\/pages\/10239\/revisions\/10260"}],"wp:attachment":[{"href":"https:\/\/www.uzunyuva.com.tr\/en\/wp-json\/wp\/v2\/media?parent=10239"}],"curies":[{"name":"wp","href":"https:\/\/api.w.org\/{rel}","templated":true}]}}